{"id":1090,"date":"2024-02-21T12:15:53","date_gmt":"2024-02-21T12:15:53","guid":{"rendered":"https:\/\/highvibesbymaria.com\/?page_id=1090"},"modified":"2024-03-05T09:59:55","modified_gmt":"2024-03-05T09:59:55","slug":"emotologie-3","status":"publish","type":"page","link":"https:\/\/highvibesbymaria.com\/index.php\/emotologie-3\/","title":{"rendered":"emotologie"},"content":{"rendered":"<p>[et_pb_section fb_built=&#8221;1&#8243; admin_label=&#8221;Header&#8221; _builder_version=&#8221;4.24.1&#8243; _module_preset=&#8221;default&#8221; background_image=&#8221;https:\/\/highvibesbymaria.com\/wp-content\/uploads\/2021\/04\/IMG_6686-01-scaled.jpeg&#8221; parallax=&#8221;on&#8221; custom_padding=&#8221;16vw||16vw||true|false&#8221; locked=&#8221;off&#8221; collapsed=&#8221;on&#8221; global_colors_info=&#8221;{}&#8221;][et_pb_row _builder_version=&#8221;4.24.1&#8243; _module_preset=&#8221;default&#8221; global_colors_info=&#8221;{}&#8221;][et_pb_column type=&#8221;4_4&#8243; _builder_version=&#8221;4.24.1&#8243; _module_preset=&#8221;default&#8221; global_colors_info=&#8221;{}&#8221;][et_pb_text _builder_version=&#8221;4.24.1&#8243; _module_preset=&#8221;default&#8221; header_font=&#8221;Oswald|||on|||||&#8221; header_text_color=&#8221;#FFFFFF&#8221; header_font_size=&#8221;5vw&#8221; global_colors_info=&#8221;{}&#8221;]<\/p>\n<h1>Emotologie<\/h1>\n<p>[\/et_pb_text][et_pb_text _builder_version=&#8221;4.24.1&#8243; _module_preset=&#8221;default&#8221; header_font=&#8221;Oswald|||on|||||&#8221; header_text_color=&#8221;#FFFFFF&#8221; header_font_size=&#8221;3vw&#8221; header_2_font=&#8221;Oswald||||||||&#8221; header_2_text_color=&#8221;#FFFFFF&#8221; global_colors_info=&#8221;{}&#8221;]<\/p>\n<h2><b>L&#8217;\u00e9motologie, c&#8217;est la science qui se concentre sur les \u00e9motions n\u00e9gatives ou d\u00e9sagr\u00e9ables et leur impact sur la vie humaine.<\/b><\/h2>\n<p>[\/et_pb_text][et_pb_button button_text=&#8221;Prends rendez-vous&#8221; button_alignment=&#8221;left&#8221; _builder_version=&#8221;4.24.1&#8243; _module_preset=&#8221;_initial&#8221; custom_button=&#8221;on&#8221; button_text_size=&#8221;14px&#8221; button_text_color=&#8221;#000000&#8243; button_bg_color=&#8221;#FFFFFF&#8221; button_border_color=&#8221;#000000&#8243; button_border_radius=&#8221;100px&#8221; button_letter_spacing=&#8221;0.16em&#8221; button_font=&#8221;Oswald|700||on|||||&#8221; custom_padding=&#8221;18px|24px|18px|24px|true|true&#8221; hover_enabled=&#8221;0&#8243; global_colors_info=&#8221;{}&#8221; button_url=&#8221;https:\/\/calendly.com\/maria_emotology\/30min&#8221; sticky_enabled=&#8221;0&#8243;][\/et_pb_button][\/et_pb_column][\/et_pb_row][\/et_pb_section][et_pb_section fb_built=&#8221;1&#8243; admin_label=&#8221;Header&#8221; _builder_version=&#8221;4.22.1&#8243; _module_preset=&#8221;default&#8221; collapsed=&#8221;on&#8221; global_colors_info=&#8221;{}&#8221;][et_pb_row column_structure=&#8221;1_2,1_2&#8243; _builder_version=&#8221;4.24.1&#8243; _module_preset=&#8221;default&#8221; global_colors_info=&#8221;{}&#8221;][et_pb_column type=&#8221;1_2&#8243; _builder_version=&#8221;4.22.1&#8243; _module_preset=&#8221;default&#8221; global_colors_info=&#8221;{}&#8221;][et_pb_text _builder_version=&#8221;4.24.1&#8243; _module_preset=&#8221;_initial&#8221; text_font=&#8221;Lato||||||||&#8221; text_font_size=&#8221;16px&#8221; text_line_height=&#8221;1.8em&#8221; text_font_size_tablet=&#8221;15px&#8221; text_font_size_phone=&#8221;14px&#8221; text_font_size_last_edited=&#8221;on|desktop&#8221; global_colors_info=&#8221;{}&#8221;]<\/p>\n<div class=\"elementor-element elementor-element-aa011be elementor-widget elementor-widget-text-editor\" data-id=\"aa011be\" data-element_type=\"widget\" data-widget_type=\"text-editor.default\">\n<div class=\"elementor-widget-container\">\n<p style=\"text-align: justify;\"><span>L\u2019\u00e9motologue est un consultant en \u00e9motions. Chez un \u00e9motologue, tu trouveras une personne qui t\u2019\u00e9coute, te comprend, ne se moque pas de toi, n\u2019\u00e9value ni ne d\u00e9value tes \u00e9motions et sentiments. Tout ce qui te concerne est pris au s\u00e9rieux et est important ici. Tu trouveras quelqu\u2019un qui ne te donne pas de conseils, ne te dit pas qui tu es, ne te juge pas et ne te dicte pas ce que tu dois ou ne dois pas faire. Il est crucial que tu puisses prendre tes propres d\u00e9cisions. Et toi seul(e) peux savoir ce que tu ressens en ce moment. L\u2019\u00e9motologue t\u2019aidera \u00e0 identifier, comprendre, travailler et lib\u00e9rer tes sentiments ou \u00e9motions.<\/span><\/p>\n<p style=\"text-align: justify;\"><span><\/span><\/p>\n<\/div>\n<\/div>\n<div class=\"elementor-element elementor-element-262c350 elementor-widget elementor-widget-text-editor\" data-id=\"262c350\" data-element_type=\"widget\" data-widget_type=\"text-editor.default\">\n<div class=\"elementor-widget-container\">\n<p style=\"text-align: justify;\"><span>Les clients font appel \u00e0 moi lorsqu\u2019ils ressentent une <b>saturation \u00e9motionnelle<\/b>. Les \u00e9motions commencent \u00e0 prendre le contr\u00f4le de la personne et \u00e0 s\u2019exprimer sous forme d\u2019offenses constantes, de querelles, de col\u00e8re et d\u2019irritation, de sentiments d\u2019insatisfaction envers la vie, le travail, les relations, ainsi que diverses peurs qui entravent leur existence<\/span><\/p>\n<p style=\"text-align: justify;\"><span>Si les \u00e9motions positives nous donnent l\u2019\u00e9nergie n\u00e9cessaire pour avancer, les \u00e9motions n\u00e9gatives agissent comme un facteur destructeur.\u00a0<\/span><\/p>\n<\/div>\n<\/div>\n<p>[\/et_pb_text][\/et_pb_column][et_pb_column type=&#8221;1_2&#8243; _builder_version=&#8221;4.22.1&#8243; _module_preset=&#8221;default&#8221; global_colors_info=&#8221;{}&#8221;][et_pb_image src=&#8221;https:\/\/highvibesbymaria.com\/wp-content\/uploads\/2024\/02\/DSC6306_-scaled.jpeg&#8221; title_text=&#8221;_DSC6306_&#8221; disabled_on=&#8221;on|on|off&#8221; _builder_version=&#8221;4.24.1&#8243; _module_preset=&#8221;default&#8221; custom_margin=&#8221;|-10vw|||false|false&#8221; custom_margin_tablet=&#8221;|0vw|||false|false&#8221; custom_margin_phone=&#8221;|0vw|||false|false&#8221; custom_margin_last_edited=&#8221;on|tablet&#8221; global_colors_info=&#8221;{}&#8221;][\/et_pb_image][\/et_pb_column][\/et_pb_row][\/et_pb_section][et_pb_section fb_built=&#8221;1&#8243; admin_label=&#8221;Programs&#8221; _builder_version=&#8221;4.22.1&#8243; _module_preset=&#8221;default&#8221; collapsed=&#8221;on&#8221; global_colors_info=&#8221;{}&#8221;][et_pb_row column_structure=&#8221;2_5,3_5&#8243; _builder_version=&#8221;4.23.2&#8243; _module_preset=&#8221;default&#8221; global_colors_info=&#8221;{}&#8221;][et_pb_column type=&#8221;2_5&#8243; _builder_version=&#8221;4.23.2&#8243; _module_preset=&#8221;default&#8221; global_colors_info=&#8221;{}&#8221;][et_pb_image src=&#8221;https:\/\/highvibesbymaria.com\/wp-content\/uploads\/2024\/02\/DSC6435-scaled.jpeg&#8221; title_text=&#8221;_DSC6435&#8243; _builder_version=&#8221;4.24.1&#8243; _module_preset=&#8221;default&#8221; scroll_vertical_motion_enable=&#8221;on&#8221; scroll_vertical_motion=&#8221;0|50|50|100|0.5|0|-0.5&#8243; global_colors_info=&#8221;{}&#8221;][\/et_pb_image][\/et_pb_column][et_pb_column type=&#8221;3_5&#8243; _builder_version=&#8221;4.23.2&#8243; _module_preset=&#8221;default&#8221; custom_padding=&#8221;|||10%|false|false&#8221; custom_padding_tablet=&#8221;|||0%|false|false&#8221; custom_padding_phone=&#8221;&#8221; custom_padding_last_edited=&#8221;on|tablet&#8221; global_colors_info=&#8221;{}&#8221;][et_pb_text _builder_version=&#8221;4.24.1&#8243; _module_preset=&#8221;_initial&#8221; text_font=&#8221;Lato||||||||&#8221; text_font_size=&#8221;16px&#8221; text_line_height=&#8221;1.8em&#8221; text_font_size_tablet=&#8221;15px&#8221; text_font_size_phone=&#8221;14px&#8221; text_font_size_last_edited=&#8221;on|desktop&#8221; locked=&#8221;off&#8221; global_colors_info=&#8221;{}&#8221;]<\/p>\n<h3 style=\"text-align: justify;\"><strong><span>Il est important d\u2019exprimer les \u00e9motions plut\u00f4t que de les accumuler en soi. L<\/span><span>es \u00e9motions sont de l\u2019\u00e9nergie, et elles chercheront une issue, bloquant la circulation sanguine dans le corps et provoquant ainsi des maladies psychosomatiques.<\/span><\/strong><strong><span><\/span><\/strong><\/h3>\n<p style=\"text-align: justify;\">Dans notre corps, il y a un vaisseau \u00e9motionnel, situ\u00e9 approximativement de la cavit\u00e9 abdominale \u00e0 la gorge (comme un grand r\u00e9cipient). Toutes les \u00e9motions n\u00e9gatives non exprim\u00e9es et non v\u00e9cues sont stock\u00e9es dans ce vaisseau. Nous faisons en sorte de ne pas y retourner, car c\u2019est douloureux et d\u00e9sagr\u00e9able de nous replonger dans ces \u00e9motions refoul\u00e9es. Pendant des ann\u00e9es, toutes les \u00e9motions stock\u00e9es l\u00e0-bas commencent \u00e0 fermenter et \u00e0 se faire sentir. Et \u00e0 un certain moment, tout cela explose.<\/p>\n<p style=\"text-align: justify;\">L\u2019\u00e9motologue d\u00e9m\u00eale d\u00e9licatement et avec douceur ces \u00e9motions dans le vaisseau \u00e9motionnel, en aidant le client \u00e0 les extraire et \u00e0 les vivre pleinement. \u00c0 l\u2019aide de techniques sp\u00e9ciales, les \u00e9motions telles que la ranc\u0153ur, la col\u00e8re, la rage, la haine et la peur rejaillissent.<\/p>\n<p style=\"text-align: justify;\">Tu les vis au grand jour, en lib\u00e9rant ainsi ton vaisseau \u00e9motionnel. Je ne fais que guider tout le processus. Une fois que l\u2019\u00e9motion n\u00e9gative est identifi\u00e9e, v\u00e9cue et accept\u00e9e par une autre personne, elle ne t\u2019appartient plus. Elle n\u2019a plus sa raison d\u2019\u00eatre. Alors, une \u00e9motion positive, emplie de joie et de bonheur, prend la place lib\u00e9r\u00e9e.<\/p>\n<p>[\/et_pb_text][\/et_pb_column][\/et_pb_row][\/et_pb_section][et_pb_section fb_built=&#8221;1&#8243; admin_label=&#8221;Programs&#8221; _builder_version=&#8221;4.22.1&#8243; _module_preset=&#8221;default&#8221; collapsed=&#8221;on&#8221; global_colors_info=&#8221;{}&#8221;][et_pb_row column_structure=&#8221;3_5,2_5&#8243; _builder_version=&#8221;4.24.1&#8243; _module_preset=&#8221;default&#8221; global_colors_info=&#8221;{}&#8221;][et_pb_column type=&#8221;3_5&#8243; _builder_version=&#8221;4.24.1&#8243; _module_preset=&#8221;default&#8221; custom_padding=&#8221;||||false|false&#8221; custom_padding_tablet=&#8221;|||0%|false|false&#8221; custom_padding_phone=&#8221;&#8221; custom_padding_last_edited=&#8221;on|tablet&#8221; global_colors_info=&#8221;{}&#8221;][et_pb_text _builder_version=&#8221;4.24.1&#8243; _module_preset=&#8221;_initial&#8221; text_font=&#8221;Lato||||||||&#8221; text_font_size=&#8221;16px&#8221; text_line_height=&#8221;1.8em&#8221; header_3_text_color=&#8221;#deb6da&#8221; text_font_size_tablet=&#8221;15px&#8221; text_font_size_phone=&#8221;14px&#8221; text_font_size_last_edited=&#8221;on|desktop&#8221; locked=&#8221;off&#8221; global_colors_info=&#8221;{}&#8221;]<\/p>\n<h3><b>Le d\u00e9roulement d\u2019une s\u00e9ance d\u2019\u00e9motologie<\/b><\/h3>\n<p style=\"text-align: justify;\">Toutes les \u00e9motions se trouvent dans notre subconscient, c\u2019est pourquoi nous avons souvent du mal \u00e0 les contr\u00f4ler car nous ne les voyons pas. Lors des s\u00e9ances, nous identifions ces \u00e9motions \u00e0 l\u2019aide de techniques sp\u00e9ciales directement dans le subconscient, \u00e0 travers les sensations dans le corps. C\u2019est la premi\u00e8re \u00e9tape.<\/p>\n<p style=\"text-align: justify;\">\u00c0 la deuxi\u00e8me \u00e9tape, il est important de lib\u00e9rer ces \u00e9motions, les exprimer, pour qu\u2019elles ne restent pas \u00e0 l\u2019int\u00e9rieur. Ici, des techniques sp\u00e9ciales sont \u00e9galement appliqu\u00e9es, permettant de vivre les \u00e9motions, de les lib\u00e9rer et d\u2019emp\u00eacher leur retour.<\/p>\n<p style=\"text-align: justify;\">\u00c0 la troisi\u00e8me \u00e9tape, il est imp\u00e9ratif que quelqu\u2019un d\u2019autre accepte cette \u00e9motion. L\u2019identification de l\u2019\u00e9motion, son v\u00e9cu et son acceptation par quelqu\u2019un d\u2019autre sont les \u00e9tapes cl\u00e9s. Bien que des ami(e)s ou des proches puissent accepter l\u2019\u00e9motion, malheureusement, tout le monde n\u2019est pas pr\u00eat \u00e0 accepter les \u00e9motions n\u00e9gatives. C\u2019est l\u00e0 qu\u2019un \u00e9motologue, sp\u00e9cialiste de la gestion des \u00e9motions, devient n\u00e9cessaire.<\/p>\n<p style=\"text-align: justify;\">En suivant ces trois \u00e9tapes lors d\u2019une s\u00e9ance, vous pouvez vous d\u00e9barrasser d\u00e9finitivement de cette \u00e9motion. C\u2019est le plan pour r\u00e9soudre ton probl\u00e8me.<\/p>\n<p>[\/et_pb_text][\/et_pb_column][et_pb_column type=&#8221;2_5&#8243; _builder_version=&#8221;4.23.2&#8243; _module_preset=&#8221;default&#8221; global_colors_info=&#8221;{}&#8221;][et_pb_image src=&#8221;https:\/\/highvibesbymaria.com\/wp-content\/uploads\/2021\/04\/IMG_6733-01-scaled.jpeg&#8221; title_text=&#8221;IMG_6733-01&#8243; _builder_version=&#8221;4.24.1&#8243; _module_preset=&#8221;default&#8221; scroll_vertical_motion_enable=&#8221;on&#8221; scroll_vertical_motion=&#8221;0|50|50|100|0.5|0|-0.5&#8243; global_colors_info=&#8221;{}&#8221;][\/et_pb_image][\/et_pb_column][\/et_pb_row][\/et_pb_section][et_pb_section fb_built=&#8221;1&#8243; admin_label=&#8221;Footer&#8221; _builder_version=&#8221;4.24.1&#8243; _module_preset=&#8221;default&#8221; background_color=&#8221;#deb6da&#8221; custom_padding=&#8221;||0px|||&#8221; saved_tabs=&#8221;all&#8221; collapsed=&#8221;on&#8221; global_colors_info=&#8221;{}&#8221;][et_pb_row column_structure=&#8221;1_4,1_4,1_4,1_4&#8243; _builder_version=&#8221;4.24.1&#8243; _module_preset=&#8221;default&#8221; global_colors_info=&#8221;{}&#8221;][et_pb_column type=&#8221;1_4&#8243; _builder_version=&#8221;4.22.1&#8243; _module_preset=&#8221;default&#8221; global_colors_info=&#8221;{}&#8221;][et_pb_text _builder_version=&#8221;4.24.1&#8243; _module_preset=&#8221;_initial&#8221; text_font=&#8221;Lato||||||||&#8221; text_font_size=&#8221;16px&#8221; text_line_height=&#8221;1.8em&#8221; link_text_color=&#8221;gcid-995ea536-d942-449e-b40e-0d7d5e4aa608&#8243; custom_margin=&#8221;||10px||false|false&#8221; text_font_size_tablet=&#8221;15px&#8221; text_font_size_phone=&#8221;14px&#8221; text_font_size_last_edited=&#8221;on|desktop&#8221; text_orientation_tablet=&#8221;&#8221; text_orientation_phone=&#8221;center&#8221; text_orientation_last_edited=&#8221;on|phone&#8221; global_colors_info=&#8221;{%22gcid-995ea536-d942-449e-b40e-0d7d5e4aa608%22:%91%22link_text_color%22%93}&#8221;]<\/p>\n<p><a href=\"#\">Mentions l\u00e9gales<\/a><\/p>\n<p>[\/et_pb_text][\/et_pb_column][et_pb_column type=&#8221;1_4&#8243; _builder_version=&#8221;4.24.1&#8243; _module_preset=&#8221;default&#8221; global_colors_info=&#8221;{}&#8221;][et_pb_social_media_follow icon_color=&#8221;gcid-fb7185f0-febc-426c-87a9-b6e9798849ab&#8221; _builder_version=&#8221;4.24.1&#8243; _module_preset=&#8221;default&#8221; text_orientation=&#8221;center&#8221; global_colors_info=&#8221;{%22gcid-fb7185f0-febc-426c-87a9-b6e9798849ab%22:%91%22icon_color%22%93}&#8221;][et_pb_social_media_follow_network social_network=&#8221;facebook&#8221; url=&#8221;https:\/\/www.facebook.com\/profile.php?id=100095261808867&#8243; icon_color=&#8221;#000000&#8243; _builder_version=&#8221;4.24.1&#8243; _module_preset=&#8221;default&#8221; background_color=&#8221;#FFFFFF&#8221; background_enable_color=&#8221;on&#8221; border_radii=&#8221;on|23px|23px|23px|23px&#8221; global_colors_info=&#8221;{}&#8221; follow_button=&#8221;off&#8221; url_new_window=&#8221;on&#8221;]facebook[\/et_pb_social_media_follow_network][et_pb_social_media_follow_network social_network=&#8221;instagram&#8221; url=&#8221;https:\/\/www.instagram.com\/maria_emotology_fr&#8221; icon_color=&#8221;#000000&#8243; _builder_version=&#8221;4.24.1&#8243; _module_preset=&#8221;default&#8221; background_color=&#8221;#FFFFFF&#8221; background_enable_color=&#8221;on&#8221; border_radii=&#8221;on|23px|23px|23px|23px&#8221; global_colors_info=&#8221;{}&#8221; follow_button=&#8221;off&#8221; url_new_window=&#8221;on&#8221;]instagram[\/et_pb_social_media_follow_network][\/et_pb_social_media_follow][\/et_pb_column][et_pb_column type=&#8221;1_4&#8243; _builder_version=&#8221;4.22.1&#8243; _module_preset=&#8221;default&#8221; global_colors_info=&#8221;{}&#8221;][\/et_pb_column][et_pb_column type=&#8221;1_4&#8243; _builder_version=&#8221;4.22.1&#8243; _module_preset=&#8221;default&#8221; global_colors_info=&#8221;{}&#8221;][\/et_pb_column][\/et_pb_row][et_pb_row _builder_version=&#8221;4.22.1&#8243; _module_preset=&#8221;default&#8221; border_color_all=&#8221;rgba(0,0,0,0.08)&#8221; border_width_top=&#8221;1px&#8221; global_colors_info=&#8221;{}&#8221;][et_pb_column type=&#8221;4_4&#8243; _builder_version=&#8221;4.22.1&#8243; _module_preset=&#8221;default&#8221; global_colors_info=&#8221;{}&#8221;][et_pb_text _builder_version=&#8221;4.24.1&#8243; _dynamic_attributes=&#8221;content&#8221; _module_preset=&#8221;_initial&#8221; text_font=&#8221;Lato||||||||&#8221; text_font_size=&#8221;16px&#8221; text_line_height=&#8221;1.8em&#8221; text_orientation=&#8221;center&#8221; text_font_size_tablet=&#8221;15px&#8221; text_font_size_phone=&#8221;14px&#8221; text_font_size_last_edited=&#8221;on|desktop&#8221; global_colors_info=&#8221;{}&#8221;]@ET-DC@eyJkeW5hbWljIjp0cnVlLCJjb250ZW50IjoiY3VycmVudF9kYXRlIiwic2V0dGluZ3MiOnsiYmVmb3JlIjoiQ29weXJpZ2h0ICZjb3B5OyAiLCJhZnRlciI6IiBNYXJpYSBQb21hemtvdmEiLCJkYXRlX2Zvcm1hdCI6ImN1c3RvbSIsImN1c3RvbV9kYXRlX2Zvcm1hdCI6IlkifX0=@[\/et_pb_text][\/et_pb_column][\/et_pb_row][\/et_pb_section]<\/p>\n","protected":false},"excerpt":{"rendered":"<p>EmotologieL&#8217;\u00e9motologie, c&#8217;est la science qui se concentre sur les \u00e9motions n\u00e9gatives ou d\u00e9sagr\u00e9ables et leur impact sur la vie humaine. L\u2019\u00e9motologue est un consultant en \u00e9motions. Chez un \u00e9motologue, tu trouveras une personne qui t\u2019\u00e9coute, te comprend, ne se moque pas de toi, n\u2019\u00e9value ni ne d\u00e9value tes \u00e9motions et sentiments. Tout ce qui te [&hellip;]<\/p>\n","protected":false},"author":1,"featured_media":0,"parent":0,"menu_order":0,"comment_status":"closed","ping_status":"closed","template":"","meta":{"_et_pb_use_builder":"on","_et_pb_old_content":"","_et_gb_content_width":"","footnotes":""},"class_list":["post-1090","page","type-page","status-publish","hentry"],"_links":{"self":[{"href":"https:\/\/highvibesbymaria.com\/index.php\/wp-json\/wp\/v2\/pages\/1090","targetHints":{"allow":["GET"]}}],"collection":[{"href":"https:\/\/highvibesbymaria.com\/index.php\/wp-json\/wp\/v2\/pages"}],"about":[{"href":"https:\/\/highvibesbymaria.com\/index.php\/wp-json\/wp\/v2\/types\/page"}],"author":[{"embeddable":true,"href":"https:\/\/highvibesbymaria.com\/index.php\/wp-json\/wp\/v2\/users\/1"}],"replies":[{"embeddable":true,"href":"https:\/\/highvibesbymaria.com\/index.php\/wp-json\/wp\/v2\/comments?post=1090"}],"version-history":[{"count":13,"href":"https:\/\/highvibesbymaria.com\/index.php\/wp-json\/wp\/v2\/pages\/1090\/revisions"}],"predecessor-version":[{"id":1431,"href":"https:\/\/highvibesbymaria.com\/index.php\/wp-json\/wp\/v2\/pages\/1090\/revisions\/1431"}],"wp:attachment":[{"href":"https:\/\/highvibesbymaria.com\/index.php\/wp-json\/wp\/v2\/media?parent=1090"}],"curies":[{"name":"wp","href":"https:\/\/api.w.org\/{rel}","templated":true}]}}