{"id":1143,"date":"2024-02-21T13:06:20","date_gmt":"2024-02-21T13:06:20","guid":{"rendered":"https:\/\/highvibesbymaria.com\/?page_id=1143"},"modified":"2024-03-05T10:00:30","modified_gmt":"2024-03-05T10:00:30","slug":"coaching-emotionnel-2","status":"publish","type":"page","link":"https:\/\/highvibesbymaria.com\/index.php\/coaching-emotionnel-2\/","title":{"rendered":"Coaching \u00e9motionnel"},"content":{"rendered":"<p>[et_pb_section fb_built=&#8221;1&#8243; admin_label=&#8221;Header&#8221; _builder_version=&#8221;4.24.1&#8243; _module_preset=&#8221;default&#8221; use_background_color_gradient=&#8221;on&#8221; background_color_gradient_stops=&#8221;rgba(222,182,218,0.32) 0%|gcid-9fa4a1b6-767d-41ca-984c-a6f10449c843 100%&#8221; background_color_gradient_overlays_image=&#8221;on&#8221; background_image=&#8221;https:\/\/highvibesbymaria.com\/wp-content\/uploads\/2022\/02\/DSC09341-scaled.jpg&#8221; custom_padding=&#8221;12vw||12vw||true|false&#8221; collapsed=&#8221;on&#8221; global_colors_info=&#8221;{%22gcid-9fa4a1b6-767d-41ca-984c-a6f10449c843%22:%91%22background_color_gradient_stops%22%93}&#8221;][et_pb_row _builder_version=&#8221;4.24.1&#8243; _module_preset=&#8221;default&#8221; max_width=&#8221;800px&#8221; global_colors_info=&#8221;{}&#8221;][et_pb_column type=&#8221;4_4&#8243; _builder_version=&#8221;4.20.0&#8243; _module_preset=&#8221;default&#8221; global_colors_info=&#8221;{}&#8221;][et_pb_text _builder_version=&#8221;4.24.1&#8243; _module_preset=&#8221;_initial&#8221; header_font=&#8221;Oswald|||on|||||&#8221; header_text_color=&#8221;#FFFFFF&#8221; header_font_size=&#8221;72px&#8221; header_line_height=&#8221;1.2em&#8221; text_orientation=&#8221;center&#8221; header_font_size_tablet=&#8221;40px&#8221; header_font_size_phone=&#8221;24px&#8221; header_font_size_last_edited=&#8221;on|desktop&#8221; global_colors_info=&#8221;{}&#8221;]<\/p>\n<h1>Coaching \u00e9motionnel<\/h1>\n<p>[\/et_pb_text][\/et_pb_column][\/et_pb_row][\/et_pb_section][et_pb_section fb_built=&#8221;1&#8243; admin_label=&#8221;Services&#8221; _builder_version=&#8221;4.24.1&#8243; _module_preset=&#8221;default&#8221; background_enable_color=&#8221;off&#8221; collapsed=&#8221;on&#8221; global_colors_info=&#8221;{%22gcid-2f3f3e09-0a26-4ea7-8906-5e1128945e3f%22:%91%22background_color%22,%22background_color_gradient_stops%22%93,%22gcid-9fa4a1b6-767d-41ca-984c-a6f10449c843%22:%91%22background_color_gradient_stops%22%93}&#8221;][et_pb_row make_equal=&#8221;on&#8221; _builder_version=&#8221;4.24.1&#8243; _module_preset=&#8221;default&#8221; custom_margin=&#8221;-10vw||||false|false&#8221; global_colors_info=&#8221;{}&#8221;][et_pb_column type=&#8221;4_4&#8243; _builder_version=&#8221;4.24.1&#8243; _module_preset=&#8221;default&#8221; use_background_color_gradient=&#8221;on&#8221; background_color_gradient_stops=&#8221;#e6e6e6 0%|#e6e6e6 99%&#8221; background_color_gradient_overlays_image=&#8221;on&#8221; background_image=&#8221;https:\/\/highvibesbymaria.com\/wp-content\/uploads\/2024\/02\/paper-texture.jpg&#8221; custom_padding=&#8221;60px|30px|60px|30px|true|true&#8221; custom_padding_tablet=&#8221;40px||40px||true|false&#8221; custom_padding_phone=&#8221;30px|20px|30px|20px|true|true&#8221; custom_padding_last_edited=&#8221;on|desktop&#8221; global_colors_info=&#8221;{}&#8221;][et_pb_text _builder_version=&#8221;4.24.1&#8243; _module_preset=&#8221;_initial&#8221; text_text_color=&#8221;#000000&#8243; text_font_size=&#8221;16px&#8221; text_line_height=&#8221;1.8em&#8221; text_orientation=&#8221;center&#8221; text_font_size_tablet=&#8221;15px&#8221; text_font_size_phone=&#8221;14px&#8221; text_font_size_last_edited=&#8221;on|desktop&#8221; global_colors_info=&#8221;{}&#8221;]<\/p>\n<h2 class=\"elementor-heading-title elementor-size-large\" style=\"text-align: justify;\"><span><span style=\"color: #374151; font-family: S\u00f6hne, ui-sans-serif, system-ui, -apple-system, Segoe UI, Roboto, Ubuntu, Cantarell, Noto Sans, sans-serif, Helvetica Neue, Arial, Apple Color Emoji, Segoe UI Emoji, Segoe UI Symbol, Noto Color Emoji; font-size: medium;\">Imagine-toi une vie o\u00f9 tu pourrais vivre comme TU le souhaites, une vie \u00e9panouissante ! O\u00f9 Tu pourrais faire ce que tu aimes, t&#8217;entourer de personnes qui te plaisent et qui t&#8217;appr\u00e9cient, et avec lesquelles tu te sens \u00e0 l&#8217;aise et libre. <\/span><\/span><br \/><span><span style=\"color: #374151; font-family: S\u00f6hne, ui-sans-serif, system-ui, -apple-system, Segoe UI, Roboto, Ubuntu, Cantarell, Noto Sans, sans-serif, Helvetica Neue, Arial, Apple Color Emoji, Segoe UI Emoji, Segoe UI Symbol, Noto Color Emoji; font-size: medium;\">Tu es lib\u00e9r\u00e9(e) des croyances n\u00e9gatives, et de nouvelles opportunit\u00e9s et perspectives s&#8217;offrent \u00e0 toi. Enfin, tu peux respirer \u00e0 pleine poitrine et profiter de cette libert\u00e9. Tu vis selon tes valeurs, telles que le bonheur, l&#8217;amour, la libert\u00e9, la paix, la s\u00e9curit\u00e9 ou la joie. Comment te sentiras-tu dans une telle vie ? Crois-le : C&#8217;EST POSSIBLE !!!<\/span><\/span><\/h2>\n<p>[\/et_pb_text][\/et_pb_column][\/et_pb_row][\/et_pb_section][et_pb_section fb_built=&#8221;1&#8243; admin_label=&#8221;Header&#8221; _builder_version=&#8221;4.24.1&#8243; _module_preset=&#8221;default&#8221; background_image=&#8221;https:\/\/highvibesbymaria.com\/wp-content\/uploads\/2022\/02\/IMG_5690-scaled.jpg&#8221; parallax=&#8221;on&#8221; custom_padding=&#8221;16vw||16vw||true|false&#8221; locked=&#8221;off&#8221; collapsed=&#8221;on&#8221; global_colors_info=&#8221;{}&#8221;][et_pb_row _builder_version=&#8221;4.24.1&#8243; _module_preset=&#8221;default&#8221; global_colors_info=&#8221;{}&#8221;][et_pb_column type=&#8221;4_4&#8243; _builder_version=&#8221;4.24.1&#8243; _module_preset=&#8221;default&#8221; global_colors_info=&#8221;{}&#8221;][et_pb_text _builder_version=&#8221;4.24.1&#8243; _module_preset=&#8221;default&#8221; header_font=&#8221;Oswald|||on|||||&#8221; header_text_color=&#8221;#FFFFFF&#8221; header_font_size=&#8221;3vw&#8221; header_2_font=&#8221;Oswald||||||||&#8221; header_2_text_color=&#8221;#FFFFFF&#8221; global_colors_info=&#8221;{}&#8221;]<\/p>\n<h2 style=\"text-align: center;\"><span>Un clic, et c\u2019est parti !<\/span><\/h2>\n<p>[\/et_pb_text][et_pb_button button_text=&#8221;Prends rendez-vous&#8221; button_alignment=&#8221;center&#8221; _builder_version=&#8221;4.24.1&#8243; _module_preset=&#8221;_initial&#8221; custom_button=&#8221;on&#8221; button_text_size=&#8221;14px&#8221; button_text_color=&#8221;#000000&#8243; button_bg_color=&#8221;#FFFFFF&#8221; button_border_color=&#8221;#000000&#8243; button_border_radius=&#8221;100px&#8221; button_letter_spacing=&#8221;0.16em&#8221; button_font=&#8221;Oswald|700||on|||||&#8221; custom_padding=&#8221;18px|24px|18px|24px|true|true&#8221; hover_enabled=&#8221;0&#8243; global_colors_info=&#8221;{}&#8221; button_url=&#8221;https:\/\/calendly.com\/maria_emotology\/30min&#8221; sticky_enabled=&#8221;0&#8243;][\/et_pb_button][\/et_pb_column][\/et_pb_row][\/et_pb_section][et_pb_section fb_built=&#8221;1&#8243; _builder_version=&#8221;4.24.1&#8243; _module_preset=&#8221;default&#8221; global_colors_info=&#8221;{}&#8221;][et_pb_row column_structure=&#8221;1_2,1_2&#8243; make_equal=&#8221;on&#8221; _builder_version=&#8221;4.24.1&#8243; _module_preset=&#8221;default&#8221; global_colors_info=&#8221;{}&#8221;][et_pb_column type=&#8221;1_2&#8243; _builder_version=&#8221;4.24.1&#8243; _module_preset=&#8221;default&#8221; border_width_all=&#8221;1px&#8221; border_color_all=&#8221;#deb6da&#8221; global_colors_info=&#8221;{}&#8221;][et_pb_text _builder_version=&#8221;4.24.1&#8243; _module_preset=&#8221;default&#8221; custom_padding=&#8221;20px|20px|20px|20px|false|false&#8221; global_colors_info=&#8221;{}&#8221;]<\/p>\n<p style=\"text-align: justify;\">Le coaching en soi repr\u00e9sente un processus interactif et ax\u00e9 sur le soutien personnalis\u00e9. En d\u2019autres termes, c\u2019est une aide pour ceux qui veulent s\u2019aider eux-m\u00eames !<\/p>\n<p style=\"text-align: justify;\">Dans le coaching \u00e9motionnel, l\u2019accent est principalement mis sur vos \u00e9motions positives. Ainsi, c\u2019est un compl\u00e9ment id\u00e9al \u00e0 l\u2019\u00e9motologie. Si, gr\u00e2ce \u00e0 l\u2019\u00e9motologie, vous vous \u00eates lib\u00e9r\u00e9 des \u00e9motions n\u00e9gatives toxiques et que de nouvelles perspectives et objectifs s\u2019ouvrent \u00e0 vous, mais que vous ne savez pas comment les atteindre, ou si vous manquez de confiance int\u00e9rieure pour le faire, l\u2019\u00e9mocoaching viendra logiquement clore ce processus. Ici, vous pouvez trouver votre chemin vers vous-m\u00eame et vos objectifs, surmonter avec succ\u00e8s les blocages et les croyances limitantes, et acqu\u00e9rir de nombreuses ressources !<\/p>\n<p style=\"text-align: justify;\"><span>Je travaille selon les m\u00e9thodes du coach et th\u00e9rapeute gestaltiste Alexandre Boev. Fort de ses 20 ans d\u2019exp\u00e9rience en coaching, il a r\u00e9ussi \u00e0 int\u00e9grer et \u00e0 tester les techniques trans-\u00e9motologiques dans ses m\u00e9thodes. Gr\u00e2ce \u00e0 ces techniques, nous pouvons maintenant travailler sur des blocages \u00e9motionnels ou transformer des croyances de mani\u00e8re beaucoup plus efficace.<\/span><\/p>\n<p>[\/et_pb_text][\/et_pb_column][et_pb_column type=&#8221;1_2&#8243; _builder_version=&#8221;4.24.1&#8243; _module_preset=&#8221;default&#8221; border_width_all=&#8221;1px&#8221; border_color_all=&#8221;#deb6da&#8221; global_colors_info=&#8221;{}&#8221;][et_pb_text _builder_version=&#8221;4.24.1&#8243; _module_preset=&#8221;default&#8221; custom_padding=&#8221;20px|20px|20px|20px|false|false&#8221; global_colors_info=&#8221;{}&#8221;]<\/p>\n<p style=\"text-align: justify;\">Ces techniques permettent de p\u00e9n\u00e9trer dans le subconscient, ouvrant la possibilit\u00e9 de r\u00e9soudre de fa\u00e7on efficace les probl\u00e8mes \u00e9motionnels \u00e0 la source.<\/p>\n<p style=\"text-align: justify;\">L\u2019\u00e9motion est une \u00e9nergie mesurable par des instruments de laboratoire. Les \u00e9motions n\u00e9gatives ont une fr\u00e9quence basse, tandis que les \u00e9motions positives, telles que la libert\u00e9, le bonheur, la gratitude ou l\u2019amour, ont une fr\u00e9quence \u00e9nerg\u00e9tique tr\u00e8s \u00e9lev\u00e9e. De nombreuses techniques d\u2019\u00e9mocoaching sont bas\u00e9es sur ces fr\u00e9quences. C\u2019est pourquoi elles sont si efficaces.<\/p>\n<p>[\/et_pb_text][\/et_pb_column][\/et_pb_row][\/et_pb_section][et_pb_section fb_built=&#8221;1&#8243; admin_label=&#8221;Footer&#8221; _builder_version=&#8221;4.24.1&#8243; _module_preset=&#8221;default&#8221; background_color=&#8221;#deb6da&#8221; custom_padding=&#8221;||0px|||&#8221; saved_tabs=&#8221;all&#8221; collapsed=&#8221;on&#8221; global_colors_info=&#8221;{}&#8221;][et_pb_row column_structure=&#8221;1_4,1_4,1_4,1_4&#8243; _builder_version=&#8221;4.24.1&#8243; _module_preset=&#8221;default&#8221; global_colors_info=&#8221;{}&#8221;][et_pb_column type=&#8221;1_4&#8243; _builder_version=&#8221;4.22.1&#8243; _module_preset=&#8221;default&#8221; global_colors_info=&#8221;{}&#8221;][et_pb_text _builder_version=&#8221;4.24.1&#8243; _module_preset=&#8221;_initial&#8221; text_font=&#8221;Lato||||||||&#8221; text_font_size=&#8221;16px&#8221; text_line_height=&#8221;1.8em&#8221; link_text_color=&#8221;gcid-995ea536-d942-449e-b40e-0d7d5e4aa608&#8243; custom_margin=&#8221;||10px||false|false&#8221; text_font_size_tablet=&#8221;15px&#8221; text_font_size_phone=&#8221;14px&#8221; text_font_size_last_edited=&#8221;on|desktop&#8221; text_orientation_tablet=&#8221;&#8221; text_orientation_phone=&#8221;center&#8221; text_orientation_last_edited=&#8221;on|phone&#8221; global_colors_info=&#8221;{%22gcid-995ea536-d942-449e-b40e-0d7d5e4aa608%22:%91%22link_text_color%22%93}&#8221;]<\/p>\n<p><a href=\"#\">Mentions l\u00e9gales<\/a><\/p>\n<p>[\/et_pb_text][\/et_pb_column][et_pb_column type=&#8221;1_4&#8243; _builder_version=&#8221;4.24.1&#8243; _module_preset=&#8221;default&#8221; global_colors_info=&#8221;{}&#8221;][et_pb_social_media_follow icon_color=&#8221;gcid-fb7185f0-febc-426c-87a9-b6e9798849ab&#8221; _builder_version=&#8221;4.24.1&#8243; _module_preset=&#8221;default&#8221; text_orientation=&#8221;center&#8221; global_colors_info=&#8221;{%22gcid-fb7185f0-febc-426c-87a9-b6e9798849ab%22:%91%22icon_color%22%93}&#8221;][et_pb_social_media_follow_network social_network=&#8221;facebook&#8221; url=&#8221;https:\/\/www.facebook.com\/profile.php?id=100095261808867&#8243; icon_color=&#8221;#000000&#8243; _builder_version=&#8221;4.24.1&#8243; _module_preset=&#8221;default&#8221; background_color=&#8221;#FFFFFF&#8221; background_enable_color=&#8221;on&#8221; border_radii=&#8221;on|23px|23px|23px|23px&#8221; global_colors_info=&#8221;{}&#8221; follow_button=&#8221;off&#8221; url_new_window=&#8221;on&#8221;]facebook[\/et_pb_social_media_follow_network][et_pb_social_media_follow_network social_network=&#8221;instagram&#8221; url=&#8221;https:\/\/www.instagram.com\/maria_emotology_fr&#8221; icon_color=&#8221;#000000&#8243; _builder_version=&#8221;4.24.1&#8243; _module_preset=&#8221;default&#8221; background_color=&#8221;#FFFFFF&#8221; background_enable_color=&#8221;on&#8221; border_radii=&#8221;on|23px|23px|23px|23px&#8221; global_colors_info=&#8221;{}&#8221; follow_button=&#8221;off&#8221; url_new_window=&#8221;on&#8221;]instagram[\/et_pb_social_media_follow_network][\/et_pb_social_media_follow][\/et_pb_column][et_pb_column type=&#8221;1_4&#8243; _builder_version=&#8221;4.22.1&#8243; _module_preset=&#8221;default&#8221; global_colors_info=&#8221;{}&#8221;][\/et_pb_column][et_pb_column type=&#8221;1_4&#8243; _builder_version=&#8221;4.22.1&#8243; _module_preset=&#8221;default&#8221; global_colors_info=&#8221;{}&#8221;][\/et_pb_column][\/et_pb_row][et_pb_row _builder_version=&#8221;4.22.1&#8243; _module_preset=&#8221;default&#8221; border_color_all=&#8221;rgba(0,0,0,0.08)&#8221; border_width_top=&#8221;1px&#8221; global_colors_info=&#8221;{}&#8221;][et_pb_column type=&#8221;4_4&#8243; _builder_version=&#8221;4.22.1&#8243; _module_preset=&#8221;default&#8221; global_colors_info=&#8221;{}&#8221;][et_pb_text _builder_version=&#8221;4.24.1&#8243; _dynamic_attributes=&#8221;content&#8221; _module_preset=&#8221;_initial&#8221; text_font=&#8221;Lato||||||||&#8221; text_font_size=&#8221;16px&#8221; text_line_height=&#8221;1.8em&#8221; text_orientation=&#8221;center&#8221; text_font_size_tablet=&#8221;15px&#8221; text_font_size_phone=&#8221;14px&#8221; text_font_size_last_edited=&#8221;on|desktop&#8221; global_colors_info=&#8221;{}&#8221;]@ET-DC@eyJkeW5hbWljIjp0cnVlLCJjb250ZW50IjoiY3VycmVudF9kYXRlIiwic2V0dGluZ3MiOnsiYmVmb3JlIjoiQ29weXJpZ2h0ICZjb3B5OyAiLCJhZnRlciI6IiBNYXJpYSBQb21hemtvdmEiLCJkYXRlX2Zvcm1hdCI6ImN1c3RvbSIsImN1c3RvbV9kYXRlX2Zvcm1hdCI6IlkifX0=@[\/et_pb_text][\/et_pb_column][\/et_pb_row][\/et_pb_section]<\/p>\n","protected":false},"excerpt":{"rendered":"<p>Coaching \u00e9motionnelImagine-toi une vie o\u00f9 tu pourrais vivre comme TU le souhaites, une vie \u00e9panouissante ! O\u00f9 Tu pourrais faire ce que tu aimes, t&#8217;entourer de personnes qui te plaisent et qui t&#8217;appr\u00e9cient, et avec lesquelles tu te sens \u00e0 l&#8217;aise et libre. Tu es lib\u00e9r\u00e9(e) des croyances n\u00e9gatives, et de nouvelles opportunit\u00e9s et perspectives [&hellip;]<\/p>\n","protected":false},"author":1,"featured_media":0,"parent":0,"menu_order":0,"comment_status":"closed","ping_status":"closed","template":"","meta":{"_et_pb_use_builder":"on","_et_pb_old_content":"","_et_gb_content_width":"","footnotes":""},"class_list":["post-1143","page","type-page","status-publish","hentry"],"_links":{"self":[{"href":"https:\/\/highvibesbymaria.com\/index.php\/wp-json\/wp\/v2\/pages\/1143","targetHints":{"allow":["GET"]}}],"collection":[{"href":"https:\/\/highvibesbymaria.com\/index.php\/wp-json\/wp\/v2\/pages"}],"about":[{"href":"https:\/\/highvibesbymaria.com\/index.php\/wp-json\/wp\/v2\/types\/page"}],"author":[{"embeddable":true,"href":"https:\/\/highvibesbymaria.com\/index.php\/wp-json\/wp\/v2\/users\/1"}],"replies":[{"embeddable":true,"href":"https:\/\/highvibesbymaria.com\/index.php\/wp-json\/wp\/v2\/comments?post=1143"}],"version-history":[{"count":12,"href":"https:\/\/highvibesbymaria.com\/index.php\/wp-json\/wp\/v2\/pages\/1143\/revisions"}],"predecessor-version":[{"id":1432,"href":"https:\/\/highvibesbymaria.com\/index.php\/wp-json\/wp\/v2\/pages\/1143\/revisions\/1432"}],"wp:attachment":[{"href":"https:\/\/highvibesbymaria.com\/index.php\/wp-json\/wp\/v2\/media?parent=1143"}],"curies":[{"name":"wp","href":"https:\/\/api.w.org\/{rel}","templated":true}]}}