{"id":1241,"date":"2024-02-29T10:42:08","date_gmt":"2024-02-29T10:42:08","guid":{"rendered":"https:\/\/highvibesbymaria.com\/?page_id=1241"},"modified":"2024-03-05T10:02:27","modified_gmt":"2024-03-05T10:02:27","slug":"emotologia","status":"publish","type":"page","link":"https:\/\/highvibesbymaria.com\/index.php\/es\/emotologia\/","title":{"rendered":"Emotolog\u00eda"},"content":{"rendered":"<p>[et_pb_section fb_built=&#8221;1&#8243; admin_label=&#8221;Header&#8221; _builder_version=&#8221;4.24.1&#8243; _module_preset=&#8221;default&#8221; background_image=&#8221;https:\/\/highvibesbymaria.com\/wp-content\/uploads\/2021\/04\/IMG_6686-01-scaled.jpeg&#8221; parallax=&#8221;on&#8221; custom_padding=&#8221;16vw||16vw||true|false&#8221; locked=&#8221;off&#8221; collapsed=&#8221;on&#8221; global_colors_info=&#8221;{}&#8221;][et_pb_row _builder_version=&#8221;4.24.1&#8243; _module_preset=&#8221;default&#8221; global_colors_info=&#8221;{}&#8221;][et_pb_column type=&#8221;4_4&#8243; _builder_version=&#8221;4.24.1&#8243; _module_preset=&#8221;default&#8221; global_colors_info=&#8221;{}&#8221;][et_pb_text _builder_version=&#8221;4.24.1&#8243; _module_preset=&#8221;default&#8221; header_font=&#8221;Oswald|||on|||||&#8221; header_text_color=&#8221;#FFFFFF&#8221; header_font_size=&#8221;5vw&#8221; global_colors_info=&#8221;{}&#8221;]<\/p>\n<h1><b>EMOTOLOG\u00cdA<\/b><\/h1>\n<p>[\/et_pb_text][et_pb_text _builder_version=&#8221;4.24.1&#8243; _module_preset=&#8221;default&#8221; header_font=&#8221;Oswald|||on|||||&#8221; header_text_color=&#8221;#FFFFFF&#8221; header_font_size=&#8221;3vw&#8221; header_2_font=&#8221;Oswald||||||||&#8221; header_2_text_color=&#8221;#FFFFFF&#8221; global_colors_info=&#8221;{}&#8221;]<\/p>\n<h2><b>La emotolog\u00eda es la ciencia que se centra en las emociones negativas o desagradables y su impacto en la vida humana.<\/b><\/h2>\n<p>[\/et_pb_text][et_pb_button button_text=&#8221;Pide cita&#8221; button_alignment=&#8221;left&#8221; _builder_version=&#8221;4.24.1&#8243; _module_preset=&#8221;_initial&#8221; custom_button=&#8221;on&#8221; button_text_size=&#8221;14px&#8221; button_text_color=&#8221;#000000&#8243; button_bg_color=&#8221;#FFFFFF&#8221; button_border_color=&#8221;#000000&#8243; button_border_radius=&#8221;100px&#8221; button_letter_spacing=&#8221;0.16em&#8221; button_font=&#8221;Oswald|700||on|||||&#8221; custom_padding=&#8221;18px|24px|18px|24px|true|true&#8221; hover_enabled=&#8221;0&#8243; global_colors_info=&#8221;{}&#8221; button_url=&#8221;https:\/\/calendly.com\/maria_emotology\/30min&#8221; sticky_enabled=&#8221;0&#8243;][\/et_pb_button][\/et_pb_column][\/et_pb_row][\/et_pb_section][et_pb_section fb_built=&#8221;1&#8243; admin_label=&#8221;Header&#8221; _builder_version=&#8221;4.22.1&#8243; _module_preset=&#8221;default&#8221; collapsed=&#8221;on&#8221; global_colors_info=&#8221;{}&#8221;][et_pb_row column_structure=&#8221;1_2,1_2&#8243; _builder_version=&#8221;4.24.1&#8243; _module_preset=&#8221;default&#8221; global_colors_info=&#8221;{}&#8221;][et_pb_column type=&#8221;1_2&#8243; _builder_version=&#8221;4.22.1&#8243; _module_preset=&#8221;default&#8221; global_colors_info=&#8221;{}&#8221;][et_pb_text _builder_version=&#8221;4.24.1&#8243; _module_preset=&#8221;_initial&#8221; text_font=&#8221;Lato||||||||&#8221; text_font_size=&#8221;16px&#8221; text_line_height=&#8221;1.8em&#8221; text_font_size_tablet=&#8221;15px&#8221; text_font_size_phone=&#8221;14px&#8221; text_font_size_last_edited=&#8221;on|desktop&#8221; global_colors_info=&#8221;{}&#8221;]<\/p>\n<div class=\"elementor-element elementor-element-aa011be elementor-widget elementor-widget-text-editor\" data-id=\"aa011be\" data-element_type=\"widget\" data-widget_type=\"text-editor.default\">\n<div class=\"elementor-widget-container\">\n<p style=\"text-align: justify;\">El emot\u00f3logo es un consultor en emociones. Con un emot\u00f3logo, encontrar\u00e1s a alguien que te escucha, te comprende, no se burla de ti, no eval\u00faa ni desvaloriza tus emociones y sentimientos. Todo lo que te concierne se toma en serio y es importante aqu\u00ed. Encontrar\u00e1s a alguien que no te da consejos, no te dice qui\u00e9n eres, no te juzga y no te dicta qu\u00e9 debes o no debes hacer. Es crucial que puedas tomar tus propias decisiones. Y solo t\u00fa puedes saber lo que sientes en este momento. El emot\u00f3logo te ayudar\u00e1 a identificar, comprender, trabajar y liberar tus sentimientos o emociones.<\/p>\n<p style=\"text-align: justify;\"><span><\/span><\/p>\n<\/div>\n<\/div>\n<div class=\"elementor-element elementor-element-262c350 elementor-widget elementor-widget-text-editor\" data-id=\"262c350\" data-element_type=\"widget\" data-widget_type=\"text-editor.default\">\n<div class=\"elementor-widget-container\">\n<p style=\"text-align: justify;\">Los clientes recurren a m\u00ed cuando sienten una <strong>saturaci\u00f3n emocional<\/strong>. Las emociones comienzan a tomar el control de la persona y se manifiestan en forma de ofensas constantes, disputas, ira e irritaci\u00f3n, sentimientos de insatisfacci\u00f3n hacia la vida, el trabajo, las relaciones, as\u00ed como diversos miedos que obstaculizan su existencia.<\/p>\n<p style=\"text-align: justify;\">Si las emociones positivas nos dan la energ\u00eda necesaria para avanzar, las emociones negativas act\u00faan como un factor destructivo.<\/p>\n<p>&nbsp;<\/p>\n<\/div>\n<\/div>\n<p>[\/et_pb_text][\/et_pb_column][et_pb_column type=&#8221;1_2&#8243; _builder_version=&#8221;4.22.1&#8243; _module_preset=&#8221;default&#8221; global_colors_info=&#8221;{}&#8221;][et_pb_image src=&#8221;https:\/\/highvibesbymaria.com\/wp-content\/uploads\/2024\/02\/DSC6306_-scaled.jpeg&#8221; title_text=&#8221;_DSC6306_&#8221; disabled_on=&#8221;on|on|off&#8221; _builder_version=&#8221;4.24.1&#8243; _module_preset=&#8221;default&#8221; custom_margin=&#8221;|-10vw|||false|false&#8221; custom_margin_tablet=&#8221;|0vw|||false|false&#8221; custom_margin_phone=&#8221;|0vw|||false|false&#8221; custom_margin_last_edited=&#8221;on|tablet&#8221; global_colors_info=&#8221;{}&#8221;][\/et_pb_image][\/et_pb_column][\/et_pb_row][\/et_pb_section][et_pb_section fb_built=&#8221;1&#8243; admin_label=&#8221;Programs&#8221; _builder_version=&#8221;4.22.1&#8243; _module_preset=&#8221;default&#8221; collapsed=&#8221;on&#8221; global_colors_info=&#8221;{}&#8221;][et_pb_row column_structure=&#8221;2_5,3_5&#8243; _builder_version=&#8221;4.23.2&#8243; _module_preset=&#8221;default&#8221; global_colors_info=&#8221;{}&#8221;][et_pb_column type=&#8221;2_5&#8243; _builder_version=&#8221;4.23.2&#8243; _module_preset=&#8221;default&#8221; global_colors_info=&#8221;{}&#8221;][et_pb_image src=&#8221;https:\/\/highvibesbymaria.com\/wp-content\/uploads\/2024\/02\/DSC6435-scaled.jpeg&#8221; title_text=&#8221;_DSC6435&#8243; _builder_version=&#8221;4.24.1&#8243; _module_preset=&#8221;default&#8221; scroll_vertical_motion_enable=&#8221;on&#8221; scroll_vertical_motion=&#8221;0|50|50|100|0.5|0|-0.5&#8243; global_colors_info=&#8221;{}&#8221;][\/et_pb_image][\/et_pb_column][et_pb_column type=&#8221;3_5&#8243; _builder_version=&#8221;4.23.2&#8243; _module_preset=&#8221;default&#8221; custom_padding=&#8221;|||10%|false|false&#8221; custom_padding_tablet=&#8221;|||0%|false|false&#8221; custom_padding_phone=&#8221;&#8221; custom_padding_last_edited=&#8221;on|tablet&#8221; global_colors_info=&#8221;{}&#8221;][et_pb_text _builder_version=&#8221;4.24.1&#8243; _module_preset=&#8221;_initial&#8221; text_font=&#8221;Lato||||||||&#8221; text_font_size=&#8221;16px&#8221; text_line_height=&#8221;1.8em&#8221; text_font_size_tablet=&#8221;15px&#8221; text_font_size_phone=&#8221;14px&#8221; text_font_size_last_edited=&#8221;on|desktop&#8221; locked=&#8221;off&#8221; global_colors_info=&#8221;{}&#8221;]<\/p>\n<h3 style=\"text-align: justify;\">Es importante expresar las emociones en lugar de acumularlas dentro de uno mismo. Las emociones son energ\u00eda y buscar\u00e1n una salida, bloqueando la circulaci\u00f3n sangu\u00ednea en el cuerpo y provocando as\u00ed enfermedades psicosom\u00e1ticas.<\/h3>\n<p style=\"text-align: justify;\">En nuestro cuerpo, hay un &#8220;bote emocional&#8221;, ubicado aproximadamente desde la cavidad abdominal hasta la garganta (como un gran recipiente). Todas las emociones negativas no expresadas y no vividas se almacenan en este bote emocional. Evitamos volver all\u00ed, porque es doloroso y desagradable volver a sumergirnos en esas emociones reprimidas. Durante a\u00f1os, todas las emociones almacenadas all\u00ed comienzan a fermentar y a hacerse sentir. Y en alg\u00fan momento, todo eso explota.<\/p>\n<p style=\"text-align: justify;\">El emot\u00f3logo desenreda con delicadeza y suavidad estas emociones en el barco emocional, ayudando al cliente a extraerlas y experimentarlas plenamente. Con t\u00e9cnicas especiales, las emociones como el resentimiento, la ira, la rabia, el odio y el miedo vuelven a surgir.<\/p>\n<p style=\"text-align: justify;\">Las experimentas a plena luz del d\u00eda, liberando as\u00ed tu barco emocional. Yo solo gu\u00edo todo el proceso. Una vez que la emoci\u00f3n negativa es identificada, experimentada y aceptada por otra persona, ya no te pertenece. Ya no tiene raz\u00f3n de ser. Entonces, una emoci\u00f3n positiva, llena de alegr\u00eda y felicidad, ocupa el lugar liberado.<\/p>\n<p>[\/et_pb_text][\/et_pb_column][\/et_pb_row][\/et_pb_section][et_pb_section fb_built=&#8221;1&#8243; admin_label=&#8221;Programs&#8221; _builder_version=&#8221;4.22.1&#8243; _module_preset=&#8221;default&#8221; collapsed=&#8221;on&#8221; global_colors_info=&#8221;{}&#8221;][et_pb_row column_structure=&#8221;3_5,2_5&#8243; _builder_version=&#8221;4.24.1&#8243; _module_preset=&#8221;default&#8221; global_colors_info=&#8221;{}&#8221;][et_pb_column type=&#8221;3_5&#8243; _builder_version=&#8221;4.24.1&#8243; _module_preset=&#8221;default&#8221; custom_padding=&#8221;||||false|false&#8221; custom_padding_tablet=&#8221;|||0%|false|false&#8221; custom_padding_phone=&#8221;&#8221; custom_padding_last_edited=&#8221;on|tablet&#8221; global_colors_info=&#8221;{}&#8221;][et_pb_text _builder_version=&#8221;4.24.1&#8243; _module_preset=&#8221;_initial&#8221; text_font=&#8221;Lato||||||||&#8221; text_font_size=&#8221;16px&#8221; text_line_height=&#8221;1.8em&#8221; header_3_text_color=&#8221;#deb6da&#8221; text_font_size_tablet=&#8221;15px&#8221; text_font_size_phone=&#8221;14px&#8221; text_font_size_last_edited=&#8221;on|desktop&#8221; locked=&#8221;off&#8221; global_colors_info=&#8221;{}&#8221;]<\/p>\n<h3 style=\"text-align: justify;\">El desarrollo de una sesi\u00f3n de emotolog\u00eda<\/h3>\n<p style=\"text-align: justify;\">Todas las emociones se encuentran en nuestro subconsciente, por eso a menudo nos resulta dif\u00edcil controlarlas porque no las vemos. Durante las sesiones, identificamos estas emociones mediante t\u00e9cnicas especiales directamente en el subconsciente, a trav\u00e9s de sensaciones en el cuerpo. Esta es la primera etapa.<\/p>\n<p style=\"text-align: justify;\">En la segunda etapa, es importante liberar estas emociones, expresarlas, para que no se queden adentro. Aqu\u00ed tambi\u00e9n se aplican t\u00e9cnicas especiales que permiten experimentar las emociones, liberarlas y evitar que regresen.<\/p>\n<p style=\"text-align: justify;\">En la tercera etapa, es imperativo que alguien m\u00e1s acepte esta emoci\u00f3n. La identificaci\u00f3n de la emoci\u00f3n, su experiencia y su aceptaci\u00f3n por parte de otra persona son pasos clave. Aunque amigos o familiares puedan aceptar la emoci\u00f3n, desafortunadamente, no todos est\u00e1n listos para aceptar las emociones negativas. Es aqu\u00ed donde se necesita un emot\u00f3logo, un especialista en manejo de emociones.<\/p>\n<p style=\"text-align: justify;\">Siguiendo estos tres pasos durante una sesi\u00f3n, puedes deshacerte definitivamente de esa emoci\u00f3n. Este es el plan para resolver tu problema.<\/p>\n<p>[\/et_pb_text][\/et_pb_column][et_pb_column type=&#8221;2_5&#8243; _builder_version=&#8221;4.23.2&#8243; _module_preset=&#8221;default&#8221; global_colors_info=&#8221;{}&#8221;][et_pb_image src=&#8221;https:\/\/highvibesbymaria.com\/wp-content\/uploads\/2021\/04\/IMG_6733-01-scaled.jpeg&#8221; title_text=&#8221;IMG_6733-01&#8243; _builder_version=&#8221;4.24.1&#8243; _module_preset=&#8221;default&#8221; scroll_vertical_motion_enable=&#8221;on&#8221; scroll_vertical_motion=&#8221;0|50|50|100|0.5|0|-0.5&#8243; global_colors_info=&#8221;{}&#8221;][\/et_pb_image][\/et_pb_column][\/et_pb_row][\/et_pb_section][et_pb_section fb_built=&#8221;1&#8243; admin_label=&#8221;Footer&#8221; _builder_version=&#8221;4.24.1&#8243; _module_preset=&#8221;default&#8221; background_color=&#8221;#deb6da&#8221; custom_padding=&#8221;||0px|||&#8221; global_module=&#8221;1368&#8243; saved_tabs=&#8221;all&#8221; collapsed=&#8221;on&#8221; global_colors_info=&#8221;{}&#8221;][et_pb_row column_structure=&#8221;1_4,1_4,1_4,1_4&#8243; _builder_version=&#8221;4.24.1&#8243; _module_preset=&#8221;default&#8221; global_colors_info=&#8221;{}&#8221;][et_pb_column type=&#8221;1_4&#8243; _builder_version=&#8221;4.22.1&#8243; _module_preset=&#8221;default&#8221; global_colors_info=&#8221;{}&#8221;][et_pb_text _builder_version=&#8221;4.24.1&#8243; _module_preset=&#8221;_initial&#8221; text_font=&#8221;Lato||||||||&#8221; text_font_size=&#8221;16px&#8221; text_line_height=&#8221;1.8em&#8221; link_text_color=&#8221;gcid-995ea536-d942-449e-b40e-0d7d5e4aa608&#8243; custom_margin=&#8221;||10px||false|false&#8221; text_font_size_tablet=&#8221;15px&#8221; text_font_size_phone=&#8221;14px&#8221; text_font_size_last_edited=&#8221;on|desktop&#8221; text_orientation_tablet=&#8221;&#8221; text_orientation_phone=&#8221;center&#8221; text_orientation_last_edited=&#8221;on|phone&#8221; global_colors_info=&#8221;{%22gcid-995ea536-d942-449e-b40e-0d7d5e4aa608%22:%91%22link_text_color%22%93}&#8221;]<\/p>\n<p><a href=\"#\">Mentions l\u00e9gales<\/a><\/p>\n<p>[\/et_pb_text][\/et_pb_column][et_pb_column type=&#8221;1_4&#8243; _builder_version=&#8221;4.24.1&#8243; _module_preset=&#8221;default&#8221; global_colors_info=&#8221;{}&#8221;][et_pb_social_media_follow icon_color=&#8221;gcid-fb7185f0-febc-426c-87a9-b6e9798849ab&#8221; _builder_version=&#8221;4.24.1&#8243; _module_preset=&#8221;default&#8221; text_orientation=&#8221;center&#8221; global_colors_info=&#8221;{%22gcid-fb7185f0-febc-426c-87a9-b6e9798849ab%22:%91%22icon_color%22%93}&#8221;][et_pb_social_media_follow_network social_network=&#8221;facebook&#8221; url=&#8221;https:\/\/www.facebook.com\/profile.php?id=100095261808867&#8243; icon_color=&#8221;#000000&#8243; _builder_version=&#8221;4.24.1&#8243; _module_preset=&#8221;default&#8221; background_color=&#8221;#FFFFFF&#8221; background_enable_color=&#8221;on&#8221; border_radii=&#8221;on|23px|23px|23px|23px&#8221; global_colors_info=&#8221;{}&#8221; follow_button=&#8221;off&#8221; url_new_window=&#8221;on&#8221;]facebook[\/et_pb_social_media_follow_network][et_pb_social_media_follow_network social_network=&#8221;instagram&#8221; url=&#8221;https:\/\/www.instagram.com\/maria_emotology_fr&#8221; icon_color=&#8221;#000000&#8243; _builder_version=&#8221;4.24.1&#8243; _module_preset=&#8221;default&#8221; background_color=&#8221;#FFFFFF&#8221; background_enable_color=&#8221;on&#8221; border_radii=&#8221;on|23px|23px|23px|23px&#8221; global_colors_info=&#8221;{}&#8221; follow_button=&#8221;off&#8221; url_new_window=&#8221;on&#8221;]instagram[\/et_pb_social_media_follow_network][\/et_pb_social_media_follow][\/et_pb_column][et_pb_column type=&#8221;1_4&#8243; _builder_version=&#8221;4.22.1&#8243; _module_preset=&#8221;default&#8221; global_colors_info=&#8221;{}&#8221;][\/et_pb_column][et_pb_column type=&#8221;1_4&#8243; _builder_version=&#8221;4.22.1&#8243; _module_preset=&#8221;default&#8221; global_colors_info=&#8221;{}&#8221;][\/et_pb_column][\/et_pb_row][et_pb_row _builder_version=&#8221;4.22.1&#8243; _module_preset=&#8221;default&#8221; border_color_all=&#8221;rgba(0,0,0,0.08)&#8221; border_width_top=&#8221;1px&#8221; global_colors_info=&#8221;{}&#8221;][et_pb_column type=&#8221;4_4&#8243; _builder_version=&#8221;4.22.1&#8243; _module_preset=&#8221;default&#8221; global_colors_info=&#8221;{}&#8221;][et_pb_text _builder_version=&#8221;4.24.1&#8243; _dynamic_attributes=&#8221;content&#8221; _module_preset=&#8221;_initial&#8221; text_font=&#8221;Lato||||||||&#8221; text_font_size=&#8221;16px&#8221; text_line_height=&#8221;1.8em&#8221; text_orientation=&#8221;center&#8221; text_font_size_tablet=&#8221;15px&#8221; text_font_size_phone=&#8221;14px&#8221; text_font_size_last_edited=&#8221;on|desktop&#8221; global_colors_info=&#8221;{}&#8221;]@ET-DC@eyJkeW5hbWljIjp0cnVlLCJjb250ZW50IjoiY3VycmVudF9kYXRlIiwic2V0dGluZ3MiOnsiYmVmb3JlIjoiQ29weXJpZ2h0ICZjb3B5OyAiLCJhZnRlciI6IiBNYXJpYSBQb21hemtvdmEiLCJkYXRlX2Zvcm1hdCI6ImN1c3RvbSIsImN1c3RvbV9kYXRlX2Zvcm1hdCI6IlkifX0=@[\/et_pb_text][\/et_pb_column][\/et_pb_row][\/et_pb_section]<\/p>\n","protected":false},"excerpt":{"rendered":"<p>EMOTOLOG\u00cdALa emotolog\u00eda es la ciencia que se centra en las emociones negativas o desagradables y su impacto en la vida humana. El emot\u00f3logo es un consultor en emociones. Con un emot\u00f3logo, encontrar\u00e1s a alguien que te escucha, te comprende, no se burla de ti, no eval\u00faa ni desvaloriza tus emociones y sentimientos. Todo lo que [&hellip;]<\/p>\n","protected":false},"author":1,"featured_media":0,"parent":0,"menu_order":0,"comment_status":"closed","ping_status":"closed","template":"","meta":{"_et_pb_use_builder":"on","_et_pb_old_content":"","_et_gb_content_width":"","footnotes":""},"class_list":["post-1241","page","type-page","status-publish","hentry"],"_links":{"self":[{"href":"https:\/\/highvibesbymaria.com\/index.php\/wp-json\/wp\/v2\/pages\/1241","targetHints":{"allow":["GET"]}}],"collection":[{"href":"https:\/\/highvibesbymaria.com\/index.php\/wp-json\/wp\/v2\/pages"}],"about":[{"href":"https:\/\/highvibesbymaria.com\/index.php\/wp-json\/wp\/v2\/types\/page"}],"author":[{"embeddable":true,"href":"https:\/\/highvibesbymaria.com\/index.php\/wp-json\/wp\/v2\/users\/1"}],"replies":[{"embeddable":true,"href":"https:\/\/highvibesbymaria.com\/index.php\/wp-json\/wp\/v2\/comments?post=1241"}],"version-history":[{"count":9,"href":"https:\/\/highvibesbymaria.com\/index.php\/wp-json\/wp\/v2\/pages\/1241\/revisions"}],"predecessor-version":[{"id":1435,"href":"https:\/\/highvibesbymaria.com\/index.php\/wp-json\/wp\/v2\/pages\/1241\/revisions\/1435"}],"wp:attachment":[{"href":"https:\/\/highvibesbymaria.com\/index.php\/wp-json\/wp\/v2\/media?parent=1241"}],"curies":[{"name":"wp","href":"https:\/\/api.w.org\/{rel}","templated":true}]}}